{"id":608,"date":"2024-04-25T10:05:41","date_gmt":"2024-04-25T08:05:41","guid":{"rendered":"https:\/\/penzionposada.cz\/?page_id=608"},"modified":"2025-01-07T14:06:10","modified_gmt":"2025-01-07T13:06:10","slug":"aviso-legal","status":"publish","type":"page","link":"https:\/\/penzionposada.cz\/es\/aviso-legal\/","title":{"rendered":"Aviso legal"},"content":{"rendered":"<style>.kb-row-layout-id608_700d1a-aa > .kt-row-column-wrap{align-content:start;}:where(.kb-row-layout-id608_700d1a-aa > .kt-row-column-wrap) > .wp-block-kadence-column{justify-content:start;}.kb-row-layout-id608_700d1a-aa > .kt-row-column-wrap{column-gap:var(--global-kb-gap-md, 2rem);row-gap:var(--global-kb-gap-md, 2rem);padding-top:var(--global-kb-spacing-lg, 3rem);padding-right:var(--global-kb-spacing-3xl, 6.5rem);padding-left:var(--global-kb-spacing-3xl, 6.5rem);grid-template-columns:minmax(0, 1fr);}.kb-row-layout-id608_700d1a-aa > .kt-row-layout-overlay{opacity:0.30;}@media all and (max-width: 1024px){.kb-row-layout-id608_700d1a-aa > .kt-row-column-wrap{grid-template-columns:minmax(0, 1fr);}}@media all and (max-width: 767px){.kb-row-layout-id608_700d1a-aa > .kt-row-column-wrap{grid-template-columns:minmax(0, 1fr);}}<\/style><div class=\"kb-row-layout-wrap kb-row-layout-id608_700d1a-aa alignnone wp-block-kadence-rowlayout\"><div class=\"kt-row-column-wrap kt-has-1-columns kt-row-layout-equal kt-tab-layout-inherit kt-mobile-layout-row kt-row-valign-top\">\n<style>.kadence-column608_7f2b7c-0c > .kt-inside-inner-col,.kadence-column608_7f2b7c-0c > .kt-inside-inner-col:before{border-top-left-radius:0px;border-top-right-radius:0px;border-bottom-right-radius:0px;border-bottom-left-radius:0px;}.kadence-column608_7f2b7c-0c > .kt-inside-inner-col{column-gap:var(--global-kb-gap-sm, 1rem);}.kadence-column608_7f2b7c-0c > .kt-inside-inner-col{flex-direction:column;}.kadence-column608_7f2b7c-0c > .kt-inside-inner-col > .aligncenter{width:100%;}.kadence-column608_7f2b7c-0c > .kt-inside-inner-col:before{opacity:0.3;}.kadence-column608_7f2b7c-0c{position:relative;}@media all and (max-width: 1024px){.kadence-column608_7f2b7c-0c > .kt-inside-inner-col{flex-direction:column;justify-content:center;}}@media all and (max-width: 767px){.kadence-column608_7f2b7c-0c > .kt-inside-inner-col{flex-direction:column;justify-content:center;}}<\/style>\n<div class=\"wp-block-kadence-column kadence-column608_7f2b7c-0c\"><div class=\"kt-inside-inner-col\"><style>.wp-block-kadence-advancedheading.kt-adv-heading608_be019c-5a, .wp-block-kadence-advancedheading.kt-adv-heading608_be019c-5a[data-kb-block=\"kb-adv-heading608_be019c-5a\"]{font-style:normal;}.wp-block-kadence-advancedheading.kt-adv-heading608_be019c-5a mark.kt-highlight, .wp-block-kadence-advancedheading.kt-adv-heading608_be019c-5a[data-kb-block=\"kb-adv-heading608_be019c-5a\"] mark.kt-highlight{font-style:normal;color:#f76a0c;-webkit-box-decoration-break:clone;box-decoration-break:clone;padding-top:0px;padding-right:0px;padding-bottom:0px;padding-left:0px;}.wp-block-kadence-advancedheading.kt-adv-heading608_be019c-5a img.kb-inline-image, .wp-block-kadence-advancedheading.kt-adv-heading608_be019c-5a[data-kb-block=\"kb-adv-heading608_be019c-5a\"] img.kb-inline-image{width:150px;vertical-align:baseline;}<\/style>\n<h1 class=\"kt-adv-heading608_be019c-5a wp-block-kadence-advancedheading\" data-kb-block=\"kb-adv-heading608_be019c-5a\">Aviso legal<\/h1>\n<\/div><\/div>\n\n<\/div><\/div>\n\n<style>.kb-row-layout-id608_38e110-05 > .kt-row-column-wrap{align-content:start;}:where(.kb-row-layout-id608_38e110-05 > .kt-row-column-wrap) > .wp-block-kadence-column{justify-content:start;}.kb-row-layout-id608_38e110-05 > .kt-row-column-wrap{column-gap:var(--global-kb-gap-md, 2rem);row-gap:var(--global-kb-gap-md, 2rem);padding-top:var(--global-kb-spacing-lg, 3rem);padding-right:var(--global-kb-spacing-3xl, 6.5rem);padding-bottom:var(--global-kb-spacing-lg, 3rem);padding-left:var(--global-kb-spacing-3xl, 6.5rem);grid-template-columns:minmax(0, 1fr);}.kb-row-layout-id608_38e110-05 > .kt-row-layout-overlay{opacity:0.30;}@media all and (max-width: 1024px){.kb-row-layout-id608_38e110-05 > .kt-row-column-wrap{grid-template-columns:minmax(0, 1fr);}}@media all and (max-width: 767px){.kb-row-layout-id608_38e110-05 > .kt-row-column-wrap{grid-template-columns:minmax(0, 1fr);}}<\/style><div class=\"kb-row-layout-wrap kb-row-layout-id608_38e110-05 alignnone wp-block-kadence-rowlayout\"><div class=\"kt-row-column-wrap kt-has-1-columns kt-row-layout-equal kt-tab-layout-inherit kt-mobile-layout-row kt-row-valign-top\">\n<style>.kadence-column608_65910e-76 > .kt-inside-inner-col,.kadence-column608_65910e-76 > .kt-inside-inner-col:before{border-top-left-radius:0px;border-top-right-radius:0px;border-bottom-right-radius:0px;border-bottom-left-radius:0px;}.kadence-column608_65910e-76 > .kt-inside-inner-col{column-gap:var(--global-kb-gap-sm, 1rem);}.kadence-column608_65910e-76 > .kt-inside-inner-col{flex-direction:column;}.kadence-column608_65910e-76 > .kt-inside-inner-col > .aligncenter{width:100%;}.kadence-column608_65910e-76 > .kt-inside-inner-col:before{opacity:0.3;}.kadence-column608_65910e-76{position:relative;}@media all and (max-width: 1024px){.kadence-column608_65910e-76 > .kt-inside-inner-col{flex-direction:column;justify-content:center;}}@media all and (max-width: 767px){.kadence-column608_65910e-76 > .kt-inside-inner-col{flex-direction:column;justify-content:center;}}<\/style>\n<div class=\"wp-block-kadence-column kadence-column608_65910e-76\"><div class=\"kt-inside-inner-col\">\n<p><strong>1.- INTRODUCCI\u00d3N<\/strong><\/p>\n\n\n\n<p>El presente documento tiene como finalidad el establecer y regular las normas de uso del Sitio www. penzionposada.com (en adelante el \u00abSitio\u00bb), entendiendo por Sitio todas las p\u00e1ginas y sus contenidos propiedad de Posada de San Juan s.r.o (en adelante el \u201cTITULAR\u201d) a las cuales se accede a trav\u00e9s del dominio www.penzionposada.com y sus subdominios.<br><br>La utilizaci\u00f3n del Sitio atribuye la condici\u00f3n de Usuario del mismo e implica la aceptaci\u00f3n de todas las condiciones incluidas en el presente Aviso Legal. El Usuario se compromete a leer atentamente el presente Aviso Legal en cada una de las ocasiones en que se proponga utilizar el Sitio, ya que \u00e9ste y sus condiciones de uso recogidas en el presente Aviso Legal pueden sufrir modificaciones.<br><br>Todos los avisos pueden ser revisados en cualquier momento por el usuario a trav\u00e9s de nuestra p\u00e1gina web.<\/p>\n\n\n\n<p><strong>2.- TITULARIDAD DEL SITIO WEB<\/strong><\/p>\n\n\n\n<p>El titular del presente Sitio es Posada de San Juan s.r.o con domicilio en Penzion Posada Masarykovo n\u00e1m\u011bst\u00ed 224\/11, 69145 Podiv\u00edn , y con I\u010c: 140002183.<br>Ud. puede ponerse en contacto con nosotros en el siguiente n\u00famero de tel\u00e9fono o e-mail:<br>Tfno: +420 604 496 355<br>Correo electr\u00f3nico:\u00a0<a href=\"mailto:recepce@penzionposada.cz\">recepce@penzionposada.cz<\/a><\/p>\n\n\n\n<p><strong>3.- PROPIEDAD INTELECTUAL E INDUSTRIAL<\/strong><\/p>\n\n\n\n<p>Los derechos de propiedad intelectual de este sitio, son titularidad de  Posada de San Juan s.r.o, o de terceros de los que dispone autorizaci\u00f3n cuando sea necesaria.<br><br>La reproducci\u00f3n, distribuci\u00f3n, comercializaci\u00f3n o transformaci\u00f3n, total o parcial, no autorizadas del contenido del Sitio, constituye una infracci\u00f3n de los derechos de propiedad intelectual del TITULAR. Igualmente, todas las marcas o signos distintivos de cualquier clase contenidos en el Sitio est\u00e1n protegidos por Ley.<br><br>La utilizaci\u00f3n no autorizada de la informaci\u00f3n contenida en este Sitio, as\u00ed como los perjuicios ocasionados en los derechos de propiedad intelectual e industrial de Posada de San Juan s.r.o, pueden dar lugar al ejercicio de las acciones que legalmente correspondan y, si procede, a las responsabilidades que de dicho ejercicio se deriven.<\/p>\n\n\n\n<p><strong>4.- EXCLUSI\u00d3N DE RESPONSABILIDAD<\/strong><\/p>\n\n\n\n<p>El contenido, programas, informaci\u00f3n y\/o consejos expresados en este Sitio deben entenderse como simplemente orientativos. El TITULAR, no responde de ninguna forma de la efectividad o exactitud e los mismos, quedando exenta de cualquier responsabilidad contractual o extracontractual con los Usuarios que haga uso de ellos, ya que son \u00e9stas las que deber\u00e1n decidir seg\u00fan su criterio la<br>oportunidad de los mismos.<\/p>\n\n\n\n<p>El TITULAR, no garantiza la ausencia de virus ni de otros elementos en la web que puedan producir alteraciones en su sistema inform\u00e1tico. El TITULAR, declina cualquier responsabilidad contractual o extracontractual con los Usuarios que hagan uso de ello y tuviera perjuicios de cualquier naturaleza ocasionados por virus inform\u00e1ticos o por elementos inform\u00e1ticos de cualquier \u00edndole.<\/p>\n\n\n\n<p>El TITULAR, declina cualquier responsabilidad por los servicios que eventualmente pudieran prestarse en el Sitio por parte de terceros.<\/p>\n\n\n\n<p>El TITULAR, declina cualquier responsabilidad por los servicios y\/o informaci\u00f3n que se preste en otros Sitios enlazados con este. El TITULAR, no controla ni ejerce ning\u00fan tipo de supervisi\u00f3n en Sitios Webs de terceros. Aconsejamos a los Usuarios de los mismos a actuar con prudencia y consultar las eventuales condiciones legales que se expongan en dichas webs.<\/p>\n\n\n\n<p>Los Usuarios que remitan cualquier tipo de informaci\u00f3n al TITULAR, se comprometen a que la misma sea veraz y que no vulnere cualquier derecho de terceros ni la legalidad vigente.<\/p>\n\n\n\n<p><strong>6.- POL\u00cdTICA DE PROTECCI\u00d3N DE DATOS PERSONALES<\/strong><\/p>\n\n\n\n<p>Puede consultar nuestra Pol\u00edtica de protecci\u00f3n de datos personales en el apartado Pol\u00edtica de Privacidad (enlazar con el texto en cuesti\u00f3n) de esta web.<\/p>\n\n\n\n<p><strong>7.- COOKIES<\/strong><\/p>\n\n\n\n<p>Las cookies sirven para mejorar el funcionamiento de la web. El Art. 4 del Real Decreto-Ley 13\/2012, de 30 de Marzo, modifica la Ley 34\/2002, de 11 de julio, de servicios de la sociedad de la informaci\u00f3n y de comercio electr\u00f3nico, estableciendo como requisito la obtenci\u00f3n del consentimiento informado antes de que se almacene o se acceda a la informaci\u00f3n del terminal del usuario en ciertos supuestos.<br><br>Si usamos otro tipo de cookies que no sean las necesarias, podr\u00e1 consultar la Pol\u00edtica de Cookies en el enlace correspondiente desde el inicio de la web.<\/p>\n\n\n\n<p><strong>8.- LEGISLACI\u00d3N<\/strong><\/p>\n\n\n\n<p>El TITULAR le informa que el presente Aviso legal se rige en todos y cada uno de sus extremos por la legislaci\u00f3n europea (Reglamento (UE) 2016\/679 del Parlamento Europeo y del Consejo de 27 de abril de 2016 relativo a la Protecci\u00f3n de Datos de las Personas F\u00edsicas (RGPD)) y legislaci\u00f3n espa\u00f1ola (Ley Org\u00e1nica (ES) 3\/2018 de 5 de Diciembre relativa a la Protecci\u00f3n de Datos y Garant\u00eda de los Derechos Digitales (LOPDGDD), as\u00ed como con la Ley Org\u00e1nica (ES) 34\/2002, de 11 de julio, de Servicios de la Sociedad de la Informaci\u00f3n y Comercio Electr\u00f3nico (LSSICE o LSSI)).<br><br>Para cualquier controversia que pudiera surgir con el TITULAR, por la utilizaci\u00f3n de los servicios y contenidos de la p\u00e1gina sujetos a las condiciones de la web, ambas partes se someten, con renuncia expresa a cualquier otro fuero, a los Juzgados y Tribunales de Chiclana de la Frontera (Espa\u00f1a).<\/p>\n\n\n\n<p><strong>9.- CONTACTE CON NOSOTROS<\/strong><\/p>\n\n\n\n<p>Si tiene Ud. cualquier pregunta sobre las condiciones reflejadas en este Aviso Legal, o si le gustar\u00eda hacer cualquier sugerencia o recomendaci\u00f3n, por favor dir\u00edjase a nosotros a trav\u00e9s del email recepce@penzionposada.cz.<\/p>\n<\/div><\/div>\n\n<\/div><\/div>","protected":false},"excerpt":{"rendered":"<p>Aviso legal 1.- INTRODUCCI\u00d3N El presente documento tiene como finalidad el establecer y regular las normas de uso del Sitio www. penzionposada.com (en adelante el \u00abSitio\u00bb), entendiendo por Sitio todas las p\u00e1ginas y sus contenidos propiedad de Posada de San Juan s.r.o (en adelante el \u201cTITULAR\u201d) a las cuales se accede a trav\u00e9s del dominio&#8230;<\/p>\n","protected":false},"author":1,"featured_media":0,"parent":0,"menu_order":0,"comment_status":"closed","ping_status":"open","template":"","meta":{"inline_featured_image":false,"_uag_custom_page_level_css":"","_kad_post_transparent":"","_kad_post_title":"","_kad_post_layout":"","_kad_post_sidebar_id":"","_kad_post_content_style":"","_kad_post_vertical_padding":"","_kad_post_feature":"","_kad_post_feature_position":"","_kad_post_header":false,"_kad_post_footer":false,"_kad_post_classname":"","footnotes":""},"class_list":["post-608","page","type-page","status-publish","hentry"],"yoast_head":"<!-- This site is optimized with the Yoast SEO plugin v27.4 - https:\/\/yoast.com\/product\/yoast-seo-wordpress\/ -->\n<title>Aviso legal - Penzion Posada<\/title>\n<meta name=\"robots\" content=\"index, follow, max-snippet:-1, max-image-preview:large, max-video-preview:-1\" \/>\n<link rel=\"canonical\" href=\"https:\/\/penzionposada.cz\/es\/aviso-legal\/\" \/>\n<meta property=\"og:locale\" content=\"es_ES\" \/>\n<meta property=\"og:type\" content=\"article\" \/>\n<meta property=\"og:title\" content=\"Aviso legal - Penzion Posada\" \/>\n<meta property=\"og:description\" content=\"Aviso legal 1.- INTRODUCCI\u00d3N El presente documento tiene como finalidad el establecer y regular las normas de uso del Sitio www. penzionposada.com (en adelante el \u00abSitio\u00bb), entendiendo por Sitio todas las p\u00e1ginas y sus contenidos propiedad de Posada de San Juan s.r.o (en adelante el \u201cTITULAR\u201d) a las cuales se accede a trav\u00e9s del dominio...\" \/>\n<meta property=\"og:url\" content=\"https:\/\/penzionposada.cz\/es\/aviso-legal\/\" \/>\n<meta property=\"og:site_name\" content=\"Penzion Posada\" \/>\n<meta property=\"article:modified_time\" content=\"2025-01-07T13:06:10+00:00\" \/>\n<meta name=\"twitter:card\" content=\"summary_large_image\" \/>\n<meta name=\"twitter:label1\" content=\"Tiempo de lectura\" \/>\n\t<meta name=\"twitter:data1\" content=\"4 minutos\" \/>\n<script type=\"application\/ld+json\" class=\"yoast-schema-graph\">{\"@context\":\"https:\\\/\\\/schema.org\",\"@graph\":[{\"@type\":\"WebPage\",\"@id\":\"https:\\\/\\\/penzionposada.cz\\\/es\\\/aviso-legal\\\/\",\"url\":\"https:\\\/\\\/penzionposada.cz\\\/es\\\/aviso-legal\\\/\",\"name\":\"Aviso legal - Penzion Posada\",\"isPartOf\":{\"@id\":\"https:\\\/\\\/penzionposada.cz\\\/#website\"},\"datePublished\":\"2024-04-25T08:05:41+00:00\",\"dateModified\":\"2025-01-07T13:06:10+00:00\",\"breadcrumb\":{\"@id\":\"https:\\\/\\\/penzionposada.cz\\\/es\\\/aviso-legal\\\/#breadcrumb\"},\"inLanguage\":\"es\",\"potentialAction\":[{\"@type\":\"ReadAction\",\"target\":[\"https:\\\/\\\/penzionposada.cz\\\/es\\\/aviso-legal\\\/\"]}]},{\"@type\":\"BreadcrumbList\",\"@id\":\"https:\\\/\\\/penzionposada.cz\\\/es\\\/aviso-legal\\\/#breadcrumb\",\"itemListElement\":[{\"@type\":\"ListItem\",\"position\":1,\"name\":\"Portada\",\"item\":\"https:\\\/\\\/penzionposada.cz\\\/es\\\/\"},{\"@type\":\"ListItem\",\"position\":2,\"name\":\"Aviso legal\"}]},{\"@type\":\"WebSite\",\"@id\":\"https:\\\/\\\/penzionposada.cz\\\/#website\",\"url\":\"https:\\\/\\\/penzionposada.cz\\\/\",\"name\":\"Penzion Posada\",\"description\":\"\",\"publisher\":{\"@id\":\"https:\\\/\\\/penzionposada.cz\\\/#organization\"},\"potentialAction\":[{\"@type\":\"SearchAction\",\"target\":{\"@type\":\"EntryPoint\",\"urlTemplate\":\"https:\\\/\\\/penzionposada.cz\\\/?s={search_term_string}\"},\"query-input\":{\"@type\":\"PropertyValueSpecification\",\"valueRequired\":true,\"valueName\":\"search_term_string\"}}],\"inLanguage\":\"es\"},{\"@type\":\"Organization\",\"@id\":\"https:\\\/\\\/penzionposada.cz\\\/#organization\",\"name\":\"Penzion Posada\",\"url\":\"https:\\\/\\\/penzionposada.cz\\\/\",\"logo\":{\"@type\":\"ImageObject\",\"inLanguage\":\"es\",\"@id\":\"https:\\\/\\\/penzionposada.cz\\\/#\\\/schema\\\/logo\\\/image\\\/\",\"url\":\"https:\\\/\\\/penzionposada.cz\\\/wp-content\\\/uploads\\\/2024\\\/01\\\/18.svg\",\"contentUrl\":\"https:\\\/\\\/penzionposada.cz\\\/wp-content\\\/uploads\\\/2024\\\/01\\\/18.svg\",\"width\":140,\"height\":85,\"caption\":\"Penzion Posada\"},\"image\":{\"@id\":\"https:\\\/\\\/penzionposada.cz\\\/#\\\/schema\\\/logo\\\/image\\\/\"}}]}<\/script>\n<!-- \/ Yoast SEO plugin. -->","yoast_head_json":{"title":"Aviso legal - Penzion Posada","robots":{"index":"index","follow":"follow","max-snippet":"max-snippet:-1","max-image-preview":"max-image-preview:large","max-video-preview":"max-video-preview:-1"},"canonical":"https:\/\/penzionposada.cz\/es\/aviso-legal\/","og_locale":"es_ES","og_type":"article","og_title":"Aviso legal - Penzion Posada","og_description":"Aviso legal 1.- INTRODUCCI\u00d3N El presente documento tiene como finalidad el establecer y regular las normas de uso del Sitio www. penzionposada.com (en adelante el \u00abSitio\u00bb), entendiendo por Sitio todas las p\u00e1ginas y sus contenidos propiedad de Posada de San Juan s.r.o (en adelante el \u201cTITULAR\u201d) a las cuales se accede a trav\u00e9s del dominio...","og_url":"https:\/\/penzionposada.cz\/es\/aviso-legal\/","og_site_name":"Penzion Posada","article_modified_time":"2025-01-07T13:06:10+00:00","twitter_card":"summary_large_image","twitter_misc":{"Tiempo de lectura":"4 minutos"},"schema":{"@context":"https:\/\/schema.org","@graph":[{"@type":"WebPage","@id":"https:\/\/penzionposada.cz\/es\/aviso-legal\/","url":"https:\/\/penzionposada.cz\/es\/aviso-legal\/","name":"Aviso legal - Penzion Posada","isPartOf":{"@id":"https:\/\/penzionposada.cz\/#website"},"datePublished":"2024-04-25T08:05:41+00:00","dateModified":"2025-01-07T13:06:10+00:00","breadcrumb":{"@id":"https:\/\/penzionposada.cz\/es\/aviso-legal\/#breadcrumb"},"inLanguage":"es","potentialAction":[{"@type":"ReadAction","target":["https:\/\/penzionposada.cz\/es\/aviso-legal\/"]}]},{"@type":"BreadcrumbList","@id":"https:\/\/penzionposada.cz\/es\/aviso-legal\/#breadcrumb","itemListElement":[{"@type":"ListItem","position":1,"name":"Portada","item":"https:\/\/penzionposada.cz\/es\/"},{"@type":"ListItem","position":2,"name":"Aviso legal"}]},{"@type":"WebSite","@id":"https:\/\/penzionposada.cz\/#website","url":"https:\/\/penzionposada.cz\/","name":"Penzion Posada","description":"","publisher":{"@id":"https:\/\/penzionposada.cz\/#organization"},"potentialAction":[{"@type":"SearchAction","target":{"@type":"EntryPoint","urlTemplate":"https:\/\/penzionposada.cz\/?s={search_term_string}"},"query-input":{"@type":"PropertyValueSpecification","valueRequired":true,"valueName":"search_term_string"}}],"inLanguage":"es"},{"@type":"Organization","@id":"https:\/\/penzionposada.cz\/#organization","name":"Penzion Posada","url":"https:\/\/penzionposada.cz\/","logo":{"@type":"ImageObject","inLanguage":"es","@id":"https:\/\/penzionposada.cz\/#\/schema\/logo\/image\/","url":"https:\/\/penzionposada.cz\/wp-content\/uploads\/2024\/01\/18.svg","contentUrl":"https:\/\/penzionposada.cz\/wp-content\/uploads\/2024\/01\/18.svg","width":140,"height":85,"caption":"Penzion Posada"},"image":{"@id":"https:\/\/penzionposada.cz\/#\/schema\/logo\/image\/"}}]}},"uagb_featured_image_src":{"full":false,"thumbnail":false,"medium":false,"medium_large":false,"large":false,"1536x1536":false,"2048x2048":false},"uagb_author_info":{"display_name":"webmasterpenzion","author_link":"https:\/\/penzionposada.cz\/es\/author\/webmasterpenzion\/"},"uagb_comment_info":0,"uagb_excerpt":"Aviso legal 1.- INTRODUCCI\u00d3N El presente documento tiene como finalidad el establecer y regular las normas de uso del Sitio www. penzionposada.com (en adelante el \u00abSitio\u00bb), entendiendo por Sitio todas las p\u00e1ginas y sus contenidos propiedad de Posada de San Juan s.r.o (en adelante el \u201cTITULAR\u201d) a las cuales se accede a trav\u00e9s del dominio...","_links":{"self":[{"href":"https:\/\/penzionposada.cz\/es\/wp-json\/wp\/v2\/pages\/608","targetHints":{"allow":["GET"]}}],"collection":[{"href":"https:\/\/penzionposada.cz\/es\/wp-json\/wp\/v2\/pages"}],"about":[{"href":"https:\/\/penzionposada.cz\/es\/wp-json\/wp\/v2\/types\/page"}],"author":[{"embeddable":true,"href":"https:\/\/penzionposada.cz\/es\/wp-json\/wp\/v2\/users\/1"}],"replies":[{"embeddable":true,"href":"https:\/\/penzionposada.cz\/es\/wp-json\/wp\/v2\/comments?post=608"}],"version-history":[{"count":5,"href":"https:\/\/penzionposada.cz\/es\/wp-json\/wp\/v2\/pages\/608\/revisions"}],"predecessor-version":[{"id":2307,"href":"https:\/\/penzionposada.cz\/es\/wp-json\/wp\/v2\/pages\/608\/revisions\/2307"}],"wp:attachment":[{"href":"https:\/\/penzionposada.cz\/es\/wp-json\/wp\/v2\/media?parent=608"}],"curies":[{"name":"wp","href":"https:\/\/api.w.org\/{rel}","templated":true}]}}